{"id":1037,"date":"2016-06-03T11:18:06","date_gmt":"2016-06-03T09:18:06","guid":{"rendered":"http:\/\/www.tillmayer.de\/?page_id=1037"},"modified":"2022-05-03T15:41:47","modified_gmt":"2022-05-03T13:41:47","slug":"impressum","status":"publish","type":"page","link":"https:\/\/www.tillmayer.de\/en\/impressum\/","title":{"rendered":"Impressum"},"content":{"rendered":"<div class=\"wpb-content-wrapper\"><p>[vc_row][vc_column][vc_empty_space height=&#8221;25px&#8221;][\/vc_column][\/vc_row][vc_row][vc_column width=&#8221;1\/4&#8243;][\/vc_column][vc_column width=&#8221;1\/2&#8243;][vc_empty_space height=&#8221;25px&#8221;][vc_column_text]<strong>till mayer<\/strong><\/p>\n<p>n\u00fcrnberger strasse 112 c<br \/>\n96050 bamberg \u2013 germany<\/p>\n<p>phone:<br \/>\nfax:<br \/>\nmobile:<br \/>\ne-mail: tillmayer@t-online.de<br \/>\ninternet: www.tillmayer.de<\/p>\n<p>Realisierung: jacor.de<\/p>\n<p><strong>Haftungsausschluss<\/strong><br \/>\nTrotz sorgf\u00e4ltiger inhaltlicher Kontrolle \u00fcbernehmen wir keine Haftung f\u00fcr die Inhalte externer Links. F\u00fcr den Inhalt der verlinkten Seiten sind ausschlie\u00dflich deren Betreiber verantwortlich.<br \/>\nDie Inhalte dieser Website werden unter Ausschluss jeglicher Gew\u00e4hrleistung zur Verf\u00fcgung gestellt. Der Nutzer wird ausdr\u00fccklich darauf hingewiesen, dass die Website Tippfehler sowie falsche, unvollst\u00e4ndige oder \u00fcberholte Informationen enthalten kann. Die Nutzung der auf dieser Website zur Verf\u00fcgung gestellten Inhalte erfolgt auf alleinige Gefahr des Nutzers. Till Mayer \u00fcbernimmt insbesondere keine Haftung f\u00fcr die Richtigkeit, Vollst\u00e4ndigkeit oder Brauchbarkeit der auf dieser Website zu findenden Informationen f\u00fcr einen bestimmten Zweck. Ausdr\u00fccklich ist Till Mayer nicht verantwortlich, wenn der Nutzer im Vertrauen auf die Fehlerfreiheit und Vollst\u00e4ndigkeit der Inhalte Handlungen vornimmt oder unterl\u00e4sst und ihm infolgedessen Sch\u00e4den entstehen. Falls die Nutzung dieser Website bzw. der auf ihr angebotenen Inhalte dazu f\u00fchrt, dass Sie Ihre Ger\u00e4te oder Ihre Daten warten, reparieren, austauschen oder sonst wie korrigieren m\u00fcssen, \u00fcbernimmt Till Mayer hierf\u00fcr keinerlei Kosten. Till Mayer kann auch nicht f\u00fcr entgangene Vorteile, Vertr\u00e4ge oder sonstige unmittelbare oder mittelbare Sch\u00e4den, die aus diesen Informationen entstehen k\u00f6nnen, haftbar gemacht werden.<\/p>\n<p><strong>Copyright \u00a9<\/strong><br \/>\nAlle Rechte vorbehalten. Insbesondere d\u00fcrfen Nachdruck, Aufnahme in Online-Dienste und Internet und Vervielf\u00e4ltigung auf Datentr\u00e4ger wie CD-ROM, DVD-ROM etc. nur nach vorheriger schriftlicher Zustimmung erfolgen.<br \/>\nGrafiken, Sound, Text und Bilder sowie deren Anordnung auf dieser Website unterliegen dem Schutz des Urheberrechts und anderer Schutzgesetze. Der Inhalt der Website darf nicht zu kommerziellen Zwecken kopiert, verbreitet, ver\u00e4ndert oder Dritten zug\u00e4nglich gemacht werden. Diese Website enth\u00e4lt au\u00dferdem Bilder, die dem Copyright Dritter unterliegen.<br \/>\nNicht kommerzielle Berichterstattung in Print und Onlinemedien mit Fotos, Grafiken und sonstigen Daten von dieser Website darf nur mit dem Nachweis \u00a9 www.TillMayer.de vervielf\u00e4ltigt oder verbreitet werden.<\/p>\n<p><strong>Allgemeine Datenschutzerkl\u00e4rung<\/strong><br \/>\nDie Privatsph\u00e4re der Website-Besucher bleibt gewahrt! Es gilt grunds\u00e4tzlich, dass personenbezogene Daten der Besucher nicht automatisch erhoben werden. Nur Daten die auf freiwilliger Basis zu Verf\u00fcgung gestellt wurden werden genutzt! Diese Daten sind ausschlie\u00dflich Till Mayer Christoph Arend als Beauftragter von Till Mayer bekannt. Bestimmte nicht personenbezogene Daten (z.B. Typ des verwendeten Web-Browsers, Art des beim Nutzer verwendeten Betriebssystems und Domain-Name seines Internet-Providers) werden im Rahmen von Standardroutinen des Webservers in eine Protokolldatei gespeichert. Diese Daten werden haupts\u00e4chlich f\u00fcr interne Zwecke und nur in zusammengefasster, nicht personenbezogener Form benutzt. Personenbezogene Daten d\u00fcrfen auf der Website nur dann erhoben werden, wenn Website-Besucher diese Informationen freiwillig geben (z.B. wenn sie Anmeldeformulare f\u00fcr Gewinnspiele oder Newsletter ausf\u00fcllen). Eine Weitergabe an Dritte ist ausgeschlossen.<\/p>\n<p><strong>Recht auf Widerruf<\/strong><br \/>\nWenn Sie uns personenbezogene Daten \u00fcberlassen haben, k\u00f6nnen Sie diese jederzeit wieder l\u00f6schen. Daten f\u00fcr Abrechnungs- und buchhalterische Zwecke sind von einer K\u00fcndigung beziehungsweise von einer L\u00f6schung nicht ber\u00fchrt.<\/p>\n<p><strong>Kinder<\/strong><br \/>\nPersonen unter 18 Jahren sollten ohne Zustimmung der Eltern oder Erziehungsberechtigten keine personenbezogenen Daten an uns \u00fcbermitteln.<br \/>\nTill Mayer beh\u00e4lt sich das Recht vor, jederzeit diese Richtlinien unter Beachtung der datenschutzrechtlichen Vorgaben zu \u00e4ndern.<\/p>\n<p><strong>Externe Links<\/strong><br \/>\nDiese Website enth\u00e4lt Links zu anderen Websites. Till Mayer und ist nicht verantwortlich f\u00fcr die Datenschutzregelungen, -durchsetzungen und Inhalte dieser Websites.<\/p>\n<p><strong>Anerkennung dieser Datenschutzerkl\u00e4rung<\/strong><br \/>\nDurch Besuch dieser Website erkl\u00e4ren Sie Ihre Zustimmung zu dieser Datenschutzerkl\u00e4rung. Wenn Sie sich mit dieser Datenschutzerkl\u00e4rung nicht einverstanden erkl\u00e4ren, bitten wir Sie, diese Website nicht (weiter) zu besuchen. Till Mayer beh\u00e4lt sich das Recht vor, nach eigenem Ermessen und jederzeit \u00c4nderungen an Teilen dieser Datenschutzerkl\u00e4rung vorzunehmen, d.h. Passagen zu erg\u00e4nzen, zu \u00e4ndern oder zu streichen. Bitte pr\u00fcfen Sie diese Seite regelm\u00e4\u00dfig auf \u00c4nderungen. Wenn Sie diese Website auch nach erfolgten \u00c4nderungen weiter besuchen, erkl\u00e4ren Sie sich auf diesem Weg mit diesen \u00c4nderungen einverstanden.[\/vc_column_text][\/vc_column][vc_column width=&#8221;1\/4&#8243;][\/vc_column][\/vc_row][vc_row][vc_column][vc_empty_space height=&#8221;100px&#8221;][\/vc_column][\/vc_row]<\/p>\n<\/div>","protected":false},"excerpt":{"rendered":"<p>[vc_row][vc_column][vc_empty_space height=&#8221;25px&#8221;][\/vc_column][\/vc_row][vc_row][vc_column width=&#8221;1\/4&#8243;][\/vc_column][vc_column width=&#8221;1\/2&#8243;][vc_empty_space height=&#8221;25px&#8221;][vc_column_text]till mayer n\u00fcrnberger strasse 112 c 96050 bamberg \u2013 germany phone: fax: mobile: e-mail: tillmayer@t-online.de internet: www.tillmayer.de Realisierung: jacor.de Haftungsausschluss Trotz sorgf\u00e4ltiger inhaltlicher Kontrolle \u00fcbernehmen wir keine Haftung f\u00fcr die Inhalte externer Links. F\u00fcr den Inhalt der verlinkten Seiten sind ausschlie\u00dflich deren Betreiber verantwortlich. Die Inhalte dieser Website werden unter Ausschluss&hellip;<\/p>\n","protected":false},"author":1,"featured_media":0,"parent":0,"menu_order":0,"comment_status":"closed","ping_status":"closed","template":"","meta":{"footnotes":""},"_links":{"self":[{"href":"https:\/\/www.tillmayer.de\/en\/wp-json\/wp\/v2\/pages\/1037"}],"collection":[{"href":"https:\/\/www.tillmayer.de\/en\/wp-json\/wp\/v2\/pages"}],"about":[{"href":"https:\/\/www.tillmayer.de\/en\/wp-json\/wp\/v2\/types\/page"}],"author":[{"embeddable":true,"href":"https:\/\/www.tillmayer.de\/en\/wp-json\/wp\/v2\/users\/1"}],"replies":[{"embeddable":true,"href":"https:\/\/www.tillmayer.de\/en\/wp-json\/wp\/v2\/comments?post=1037"}],"version-history":[{"count":5,"href":"https:\/\/www.tillmayer.de\/en\/wp-json\/wp\/v2\/pages\/1037\/revisions"}],"predecessor-version":[{"id":1789,"href":"https:\/\/www.tillmayer.de\/en\/wp-json\/wp\/v2\/pages\/1037\/revisions\/1789"}],"wp:attachment":[{"href":"https:\/\/www.tillmayer.de\/en\/wp-json\/wp\/v2\/media?parent=1037"}],"curies":[{"name":"wp","href":"https:\/\/api.w.org\/{rel}","templated":true}]}}